{"id":1114,"date":"2025-08-07T08:11:32","date_gmt":"2025-08-07T08:11:32","guid":{"rendered":"https:\/\/blueseed.co\/tendencias-de-juegos-casinos-de-sorteos-y-tragamonedas-producto-estructura-y-estrategia\/"},"modified":"2025-08-21T17:08:00","modified_gmt":"2025-08-21T17:08:00","slug":"gaming-projects","status":"publish","type":"page","link":"https:\/\/blueseed.co\/es\/gaming-projects\/","title":{"rendered":"Tendencias de juegos, casinos de sorteos y tragamonedas: producto, estructura y estrategia"},"content":{"rendered":"<div class=\"gb-container gb-container-d1a8bfcd\">\n<div class=\"gb-container gb-container-0b4d9520\">\n\n<p>Los juegos de casino est\u00e1n evolucionando de maneras que la mayor\u00eda de la gente no percibe desde fuera. Las tragamonedas de sorteo, junto con otros formatos de juegos promocionales, ofrecen una experiencia similar a la de un casino, pero operan bajo un conjunto de reglas diferente. No se consideran juegos de azar tradicionales, principalmente porque no se requiere compra para jugar. Esto facilita el acceso legal en estados donde los casinos en l\u00ednea est\u00e1ndar no est\u00e1n permitidos.<\/p>\n\n\n\n<p>En Blueseed, nos interesa la estructura de estos sistemas, tanto desde una perspectiva legal como de producto. \u00bfQu\u00e9 hace que un casino de sorteos cumpla con las normativas? \u00bfC\u00f3mo se dise\u00f1an los bonos, la mec\u00e1nica de entrada y el flujo de jugadores? \u00bfY c\u00f3mo equilibran los operadores la diversi\u00f3n, la imparcialidad y la conversi\u00f3n en un formato que debe cumplir con las estrictas regulaciones?<\/p>\n\n\n\n<p>En este espacio profundizamos en todo esto. Comparamos casinos con sorteos, exploramos c\u00f3mo funcionan los sistemas promocionales y echamos un vistazo entre bastidores a la mec\u00e1nica que define esta categor\u00eda de juegos en l\u00ednea en r\u00e1pida evoluci\u00f3n.<\/p>\n\n\n\n<div class=\"gb-grid-wrapper gb-grid-wrapper-95e54945 gb-query-loop-wrapper\"><\/div>\n\n<div class=\"gb-container gb-container-5364bbd9 gb-query-loop-pagination\">\n\n\n\n\n\n<\/div>\n\n<\/div>\n<\/div>","protected":false},"excerpt":{"rendered":"<p>Los juegos de casino est\u00e1n evolucionando de maneras que la mayor\u00eda de la gente no percibe desde fuera. Las tragamonedas de sorteo, junto con otros formatos de juegos promocionales, ofrecen una experiencia similar a la de un casino, pero operan bajo un conjunto de reglas diferente. No se consideran juegos de azar tradicionales, principalmente porque &#8230; <a title=\"Tendencias de juegos, casinos de sorteos y tragamonedas: producto, estructura y estrategia\" class=\"read-more\" href=\"https:\/\/blueseed.co\/es\/gaming-projects\/\" aria-label=\"Leer m\u00e1s sobre Tendencias de juegos, casinos de sorteos y tragamonedas: producto, estructura y estrategia\">Leer m\u00e1s<\/a><\/p>\n","protected":false},"author":1,"featured_media":0,"parent":0,"menu_order":0,"comment_status":"closed","ping_status":"closed","template":"","meta":{"footnotes":""},"class_list":["post-1114","page","type-page","status-publish"],"_links":{"self":[{"href":"https:\/\/blueseed.co\/es\/wp-json\/wp\/v2\/pages\/1114","targetHints":{"allow":["GET"]}}],"collection":[{"href":"https:\/\/blueseed.co\/es\/wp-json\/wp\/v2\/pages"}],"about":[{"href":"https:\/\/blueseed.co\/es\/wp-json\/wp\/v2\/types\/page"}],"author":[{"embeddable":true,"href":"https:\/\/blueseed.co\/es\/wp-json\/wp\/v2\/users\/1"}],"replies":[{"embeddable":true,"href":"https:\/\/blueseed.co\/es\/wp-json\/wp\/v2\/comments?post=1114"}],"version-history":[{"count":5,"href":"https:\/\/blueseed.co\/es\/wp-json\/wp\/v2\/pages\/1114\/revisions"}],"predecessor-version":[{"id":1217,"href":"https:\/\/blueseed.co\/es\/wp-json\/wp\/v2\/pages\/1114\/revisions\/1217"}],"wp:attachment":[{"href":"https:\/\/blueseed.co\/es\/wp-json\/wp\/v2\/media?parent=1114"}],"curies":[{"name":"wp","href":"https:\/\/api.w.org\/{rel}","templated":true}]}}