{"id":1039,"date":"2024-10-09T12:17:55","date_gmt":"2024-10-09T12:17:55","guid":{"rendered":"https:\/\/blueseed.co\/analisis-experto-de-criptomonedas-y-resenas-de-proyectos-blockchain\/"},"modified":"2025-06-22T07:11:31","modified_gmt":"2025-06-22T07:11:31","slug":"crypto-analysis","status":"publish","type":"page","link":"https:\/\/blueseed.co\/es\/crypto-analysis\/","title":{"rendered":"An\u00e1lisis experto de criptomonedas y rese\u00f1as de proyectos blockchain"},"content":{"rendered":"<div class=\"gb-container gb-container-0e0024b8\">\n<div class=\"gb-container gb-container-26241a6c\">\n\n<p>En Blueseed, nos dedicamos a brindar un an\u00e1lisis exhaustivo de una amplia gama de proyectos de blockchain y criptomonedas, algunos impulsados por emprendedores de Blueseed. Nuestro equipo de expertos analiza los proyectos con ojo cr\u00edtico, evaluando factores como la tecnolog\u00eda, la credibilidad del equipo, el potencial de mercado y la seguridad. Con nuestros conocimientos, tendr\u00e1s la informaci\u00f3n necesaria para desenvolverte en el din\u00e1mico mundo de las criptomonedas y blockchain.<\/p>\n\n<\/div>\n<\/div><div class=\"gb-container gb-container-2ee9b376\">\n<div class=\"gb-container gb-container-03721d15\">\n\n<p><br\/><strong>Descargo de responsabilidad:<\/strong><\/p>\n\n\n\n<p><em>Nota importante: Nuestras rese\u00f1as son solo para fines informativos y no deben considerarse una iniciativa de inversi\u00f3n para invertir en proyectos de blockchain y criptomonedas. Siempre investigue por su cuenta antes de tomar cualquier decisi\u00f3n o acci\u00f3n.<\/em><\/p>\n\n<\/div>\n<\/div><div class=\"gb-container gb-container-b558bebf\">\n<div class=\"gb-container gb-container-87502dcc\">\n\n<div class=\"gb-grid-wrapper gb-grid-wrapper-f16c132a gb-query-loop-wrapper\">\n<div class=\"gb-grid-column gb-grid-column-b46d7479 gb-query-loop-item post-1073 crypto_analysis type-crypto_analysis status-publish format-standard has-post-thumbnail hentry gblocks_pattern_collections-local-patterns\"><div class=\"gb-container gb-container-b46d7479\">\n<figure class=\"gb-block-image gb-block-image-92bbe47c\"><img loading=\"lazy\" decoding=\"async\" width=\"900\" height=\"504\" src=\"https:\/\/blueseed.co\/wp-content\/uploads\/2025\/06\/Smartphone-showing-trading-graph.jpg\" class=\"gb-image-92bbe47c\" alt=\"\" srcset=\"https:\/\/blueseed.co\/wp-content\/uploads\/2025\/06\/Smartphone-showing-trading-graph.jpg 900w, https:\/\/blueseed.co\/wp-content\/uploads\/2025\/06\/Smartphone-showing-trading-graph-300x168.jpg 300w, https:\/\/blueseed.co\/wp-content\/uploads\/2025\/06\/Smartphone-showing-trading-graph-768x430.jpg 768w\" sizes=\"auto, (max-width: 900px) 100vw, 900px\" title=\"\"><\/figure>\n\n<h2 class=\"gb-headline gb-headline-c4128972 gb-headline-text\"><a href=\"https:\/\/blueseed.co\/es\/crypto-analysis\/spot-sanorex-review\/\">1394_P_N 1394_E1 Rese\u00f1a: Sistemas de trading basados en IA dise\u00f1ados para mercados MAR<\/a><\/h2>\n\n<p class=\"gb-headline gb-headline-50c8585f gb-headline-text\"><time class=\"entry-date published\" datetime=\"2025-06-18T17:02:55+00:00\">junio 18, 2025<\/time><\/p>\n\n<div class=\"gb-headline gb-headline-e1a24319 gb-headline-text\">El trading en l\u00ednea avanza r\u00e1pidamente, y 1394_P_N 1394_E3 se esfuerza por mantenerse al d\u00eda mediante el uso de IA para facilitar las cosas a los operadores. Tanto si est\u00e1s empezando como si ya tienes experiencia, la plataforma promete ayudarte con la automatizaci\u00f3n de herramientas inteligentes y el an\u00e1lisis del mercado.<\/div>\n<\/div><\/div>\n\n<div class=\"gb-grid-column gb-grid-column-b46d7479 gb-query-loop-item post-1072 crypto_analysis type-crypto_analysis status-publish format-standard has-post-thumbnail hentry gblocks_pattern_collections-local-patterns\"><div class=\"gb-container gb-container-b46d7479\">\n<figure class=\"gb-block-image gb-block-image-92bbe47c\"><img loading=\"lazy\" decoding=\"async\" width=\"900\" height=\"504\" src=\"https:\/\/blueseed.co\/wp-content\/uploads\/2025\/06\/Smartphone-displaying-trading-chart.jpg\" class=\"gb-image-92bbe47c\" alt=\"\" srcset=\"https:\/\/blueseed.co\/wp-content\/uploads\/2025\/06\/Smartphone-displaying-trading-chart.jpg 900w, https:\/\/blueseed.co\/wp-content\/uploads\/2025\/06\/Smartphone-displaying-trading-chart-300x168.jpg 300w, https:\/\/blueseed.co\/wp-content\/uploads\/2025\/06\/Smartphone-displaying-trading-chart-768x430.jpg 768w\" sizes=\"auto, (max-width: 900px) 100vw, 900px\" title=\"\"><\/figure>\n\n<h2 class=\"gb-headline gb-headline-c4128972 gb-headline-text\"><a href=\"https:\/\/blueseed.co\/es\/crypto-analysis\/spot-sanorex\/\">1393_P_N 1393_E1 Revisi\u00f3n: Innovaci\u00f3n impulsada por IA para un trading de MPC de alto rendimiento<\/a><\/h2>\n\n<p class=\"gb-headline gb-headline-50c8585f gb-headline-text\"><time class=\"entry-date published\" datetime=\"2025-06-18T16:10:05+00:00\">junio 18, 2025<\/time><\/p>\n\n<div class=\"gb-headline gb-headline-e1a24319 gb-headline-text\">El trading online avanza a pasos agigantados, y 1393_P_N 1393_E3 se esfuerza por mantenerse al d\u00eda mediante el uso de IA para facilitar las cosas a los operadores. Tanto si est\u00e1s empezando como si ya tienes experiencia, la plataforma promete ayudarte con la automatizaci\u00f3n de herramientas inteligentes y el an\u00e1lisis del mercado.<\/div>\n<\/div><\/div>\n\n<div class=\"gb-grid-column gb-grid-column-b46d7479 gb-query-loop-item post-1071 crypto_analysis type-crypto_analysis status-publish format-standard has-post-thumbnail hentry gblocks_pattern_collections-local-patterns\"><div class=\"gb-container gb-container-b46d7479\">\n<figure class=\"gb-block-image gb-block-image-92bbe47c\"><img loading=\"lazy\" decoding=\"async\" width=\"900\" height=\"504\" src=\"https:\/\/blueseed.co\/wp-content\/uploads\/2025\/06\/Mobile-trading-dashboard-interface.jpg\" class=\"gb-image-92bbe47c\" alt=\"\" srcset=\"https:\/\/blueseed.co\/wp-content\/uploads\/2025\/06\/Mobile-trading-dashboard-interface.jpg 900w, https:\/\/blueseed.co\/wp-content\/uploads\/2025\/06\/Mobile-trading-dashboard-interface-300x168.jpg 300w, https:\/\/blueseed.co\/wp-content\/uploads\/2025\/06\/Mobile-trading-dashboard-interface-768x430.jpg 768w\" sizes=\"auto, (max-width: 900px) 100vw, 900px\" title=\"\"><\/figure>\n\n<h2 class=\"gb-headline gb-headline-c4128972 gb-headline-text\"><a href=\"https:\/\/blueseed.co\/es\/crypto-analysis\/switch-amrix-review\/\">1392_P_N 1392_E1 Rese\u00f1a: Tecnolog\u00eda de IA avanzada para operadores del mercado PYPL<\/a><\/h2>\n\n<p class=\"gb-headline gb-headline-50c8585f gb-headline-text\"><time class=\"entry-date published\" datetime=\"2025-06-18T15:25:08+00:00\">junio 18, 2025<\/time><\/p>\n\n<div class=\"gb-headline gb-headline-e1a24319 gb-headline-text\">El trading en l\u00ednea avanza r\u00e1pidamente, y 1392_P_N 1392_E3 se esfuerza por mantenerse al d\u00eda mediante el uso de IA para facilitar las cosas a los operadores. Tanto si est\u00e1s empezando como si ya tienes experiencia, la plataforma promete ayudarte con la automatizaci\u00f3n de herramientas inteligentes y el an\u00e1lisis del mercado.<\/div>\n<\/div><\/div>\n\n<div class=\"gb-grid-column gb-grid-column-b46d7479 gb-query-loop-item post-1070 crypto_analysis type-crypto_analysis status-publish format-standard has-post-thumbnail hentry gblocks_pattern_collections-local-patterns\"><div class=\"gb-container gb-container-b46d7479\">\n<figure class=\"gb-block-image gb-block-image-92bbe47c\"><img loading=\"lazy\" decoding=\"async\" width=\"900\" height=\"504\" src=\"https:\/\/blueseed.co\/wp-content\/uploads\/2025\/06\/Mobile-trading-app-interface.jpg\" class=\"gb-image-92bbe47c\" alt=\"\" srcset=\"https:\/\/blueseed.co\/wp-content\/uploads\/2025\/06\/Mobile-trading-app-interface.jpg 900w, https:\/\/blueseed.co\/wp-content\/uploads\/2025\/06\/Mobile-trading-app-interface-300x168.jpg 300w, https:\/\/blueseed.co\/wp-content\/uploads\/2025\/06\/Mobile-trading-app-interface-768x430.jpg 768w\" sizes=\"auto, (max-width: 900px) 100vw, 900px\" title=\"\"><\/figure>\n\n<h2 class=\"gb-headline gb-headline-c4128972 gb-headline-text\"><a href=\"https:\/\/blueseed.co\/es\/crypto-analysis\/switch-amrix\/\">1391_P_N 1391_E1 Rese\u00f1a: Explorando herramientas de IA escalables para el trading de PM de pr\u00f3xima generaci\u00f3n<\/a><\/h2>\n\n<p class=\"gb-headline gb-headline-50c8585f gb-headline-text\"><time class=\"entry-date published\" datetime=\"2025-06-18T14:07:32+00:00\">junio 18, 2025<\/time><\/p>\n\n<div class=\"gb-headline gb-headline-e1a24319 gb-headline-text\">El trading en l\u00ednea avanza r\u00e1pidamente, y 1391_P_N 1391_E3 se esfuerza por mantenerse al d\u00eda mediante el uso de IA para facilitar las cosas a los operadores. Tanto si est\u00e1s empezando como si ya tienes experiencia, la plataforma promete ayudarte con la automatizaci\u00f3n de herramientas inteligentes y el an\u00e1lisis del mercado.<\/div>\n<\/div><\/div>\n\n<div class=\"gb-grid-column gb-grid-column-b46d7479 gb-query-loop-item post-1069 crypto_analysis type-crypto_analysis status-publish format-standard has-post-thumbnail hentry gblocks_pattern_collections-local-patterns\"><div class=\"gb-container gb-container-b46d7479\">\n<figure class=\"gb-block-image gb-block-image-92bbe47c\"><img loading=\"lazy\" decoding=\"async\" width=\"900\" height=\"504\" src=\"https:\/\/blueseed.co\/wp-content\/uploads\/2025\/06\/Laptop-with-trading-chart.jpg\" class=\"gb-image-92bbe47c\" alt=\"\" srcset=\"https:\/\/blueseed.co\/wp-content\/uploads\/2025\/06\/Laptop-with-trading-chart.jpg 900w, https:\/\/blueseed.co\/wp-content\/uploads\/2025\/06\/Laptop-with-trading-chart-300x168.jpg 300w, https:\/\/blueseed.co\/wp-content\/uploads\/2025\/06\/Laptop-with-trading-chart-768x430.jpg 768w\" sizes=\"auto, (max-width: 900px) 100vw, 900px\" title=\"\"><\/figure>\n\n<h2 class=\"gb-headline gb-headline-c4128972 gb-headline-text\"><a href=\"https:\/\/blueseed.co\/es\/crypto-analysis\/ethereum-olux-review\/\">1390_P_N 1390_E1 Revisi\u00f3n: Soluciones de IA m\u00e1s inteligentes para necesidades complejas de trading con SBUX<\/a><\/h2>\n\n<p class=\"gb-headline gb-headline-50c8585f gb-headline-text\"><time class=\"entry-date published\" datetime=\"2025-06-18T09:29:59+00:00\">junio 18, 2025<\/time><\/p>\n\n<div class=\"gb-headline gb-headline-e1a24319 gb-headline-text\">El trading en l\u00ednea avanza r\u00e1pidamente, y 1390_P_N 1390_E3 se esfuerza por mantenerse al d\u00eda mediante el uso de IA para facilitar las cosas a los operadores. Tanto si est\u00e1s empezando como si ya tienes experiencia, la plataforma promete ayudarte con la automatizaci\u00f3n de herramientas inteligentes y el an\u00e1lisis del mercado.<\/div>\n<\/div><\/div>\n\n<div class=\"gb-grid-column gb-grid-column-b46d7479 gb-query-loop-item post-1068 crypto_analysis type-crypto_analysis status-publish format-standard has-post-thumbnail hentry gblocks_pattern_collections-local-patterns\"><div class=\"gb-container gb-container-b46d7479\">\n<figure class=\"gb-block-image gb-block-image-92bbe47c\"><img loading=\"lazy\" decoding=\"async\" width=\"900\" height=\"504\" src=\"https:\/\/blueseed.co\/wp-content\/uploads\/2025\/06\/Laptop-displaying-trading-analytics.jpg\" class=\"gb-image-92bbe47c\" alt=\"\" srcset=\"https:\/\/blueseed.co\/wp-content\/uploads\/2025\/06\/Laptop-displaying-trading-analytics.jpg 900w, https:\/\/blueseed.co\/wp-content\/uploads\/2025\/06\/Laptop-displaying-trading-analytics-300x168.jpg 300w, https:\/\/blueseed.co\/wp-content\/uploads\/2025\/06\/Laptop-displaying-trading-analytics-768x430.jpg 768w\" sizes=\"auto, (max-width: 900px) 100vw, 900px\" title=\"\"><\/figure>\n\n<h2 class=\"gb-headline gb-headline-c4128972 gb-headline-text\"><a href=\"https:\/\/blueseed.co\/es\/crypto-analysis\/ethereum-olux\/\">1389_P_N 1389_E1 An\u00e1lisis: Un an\u00e1lisis profundo de las herramientas de trading de IA para la gesti\u00f3n de TGT<\/a><\/h2>\n\n<p class=\"gb-headline gb-headline-50c8585f gb-headline-text\"><time class=\"entry-date published\" datetime=\"2025-06-18T08:20:03+00:00\">junio 18, 2025<\/time><\/p>\n\n<div class=\"gb-headline gb-headline-e1a24319 gb-headline-text\">El trading en l\u00ednea avanza r\u00e1pidamente, y 1389_P_N 1389_E3 se esfuerza por mantenerse al d\u00eda mediante el uso de IA para facilitar las cosas a los operadores. Tanto si est\u00e1s empezando como si ya tienes experiencia, la plataforma promete ayudarte con la automatizaci\u00f3n de herramientas inteligentes y el an\u00e1lisis del mercado.<\/div>\n<\/div><\/div>\n\n<div class=\"gb-grid-column gb-grid-column-b46d7479 gb-query-loop-item post-1067 crypto_analysis type-crypto_analysis status-publish format-standard has-post-thumbnail hentry gblocks_pattern_collections-local-patterns\"><div class=\"gb-container gb-container-b46d7479\">\n<figure class=\"gb-block-image gb-block-image-92bbe47c\"><img loading=\"lazy\" decoding=\"async\" width=\"900\" height=\"504\" src=\"https:\/\/blueseed.co\/wp-content\/uploads\/2025\/06\/Laptop-displaying-stock-market-charts.jpg\" class=\"gb-image-92bbe47c\" alt=\"\" srcset=\"https:\/\/blueseed.co\/wp-content\/uploads\/2025\/06\/Laptop-displaying-stock-market-charts.jpg 900w, https:\/\/blueseed.co\/wp-content\/uploads\/2025\/06\/Laptop-displaying-stock-market-charts-300x168.jpg 300w, https:\/\/blueseed.co\/wp-content\/uploads\/2025\/06\/Laptop-displaying-stock-market-charts-768x430.jpg 768w\" sizes=\"auto, (max-width: 900px) 100vw, 900px\" title=\"\"><\/figure>\n\n<h2 class=\"gb-headline gb-headline-c4128972 gb-headline-text\"><a href=\"https:\/\/blueseed.co\/es\/crypto-analysis\/spot-prolia-review\/\">1388_P_N 1388_E1 Revisi\u00f3n: Inteligencia artificial dise\u00f1ada para mejorar los resultados comerciales de UBER<\/a><\/h2>\n\n<p class=\"gb-headline gb-headline-50c8585f gb-headline-text\"><time class=\"entry-date published\" datetime=\"2025-06-17T11:01:33+00:00\">junio 17, 2025<\/time><\/p>\n\n<div class=\"gb-headline gb-headline-e1a24319 gb-headline-text\">El trading en l\u00ednea avanza r\u00e1pidamente, y 1388_P_N 1388_E3 se esfuerza por mantenerse al d\u00eda mediante el uso de IA para facilitar las cosas a los operadores. Tanto si est\u00e1s empezando como si ya tienes experiencia, la plataforma promete ayudarte con la automatizaci\u00f3n de herramientas inteligentes y el an\u00e1lisis del mercado.<\/div>\n<\/div><\/div>\n\n<div class=\"gb-grid-column gb-grid-column-b46d7479 gb-query-loop-item post-1066 crypto_analysis type-crypto_analysis status-publish format-standard has-post-thumbnail hentry gblocks_pattern_collections-local-patterns\"><div class=\"gb-container gb-container-b46d7479\">\n<figure class=\"gb-block-image gb-block-image-92bbe47c\"><img loading=\"lazy\" decoding=\"async\" width=\"900\" height=\"504\" src=\"https:\/\/blueseed.co\/wp-content\/uploads\/2025\/06\/Laptop-trading-screen-at-night.jpg\" class=\"gb-image-92bbe47c\" alt=\"\" srcset=\"https:\/\/blueseed.co\/wp-content\/uploads\/2025\/06\/Laptop-trading-screen-at-night.jpg 900w, https:\/\/blueseed.co\/wp-content\/uploads\/2025\/06\/Laptop-trading-screen-at-night-300x168.jpg 300w, https:\/\/blueseed.co\/wp-content\/uploads\/2025\/06\/Laptop-trading-screen-at-night-768x430.jpg 768w\" sizes=\"auto, (max-width: 900px) 100vw, 900px\" title=\"\"><\/figure>\n\n<h2 class=\"gb-headline gb-headline-c4128972 gb-headline-text\"><a href=\"https:\/\/blueseed.co\/es\/crypto-analysis\/spot-prolia\/\">1387_P_N 1387_E1 Rese\u00f1a: Herramientas impulsadas por IA que moldean el futuro del trading de WFC<\/a><\/h2>\n\n<p class=\"gb-headline gb-headline-50c8585f gb-headline-text\"><time class=\"entry-date published\" datetime=\"2025-06-17T08:04:17+00:00\">junio 17, 2025<\/time><\/p>\n\n<div class=\"gb-headline gb-headline-e1a24319 gb-headline-text\">El trading en l\u00ednea avanza r\u00e1pidamente, y 1387_P_N 1387_E3 se esfuerza por mantenerse al d\u00eda mediante el uso de IA para facilitar las cosas a los operadores. Tanto si est\u00e1s empezando como si ya tienes experiencia, la plataforma promete ayudarte con la automatizaci\u00f3n de herramientas inteligentes y el an\u00e1lisis del mercado.<\/div>\n<\/div><\/div>\n\n<div class=\"gb-grid-column gb-grid-column-b46d7479 gb-query-loop-item post-1065 crypto_analysis type-crypto_analysis status-publish format-standard has-post-thumbnail hentry gblocks_pattern_collections-local-patterns\"><div class=\"gb-container gb-container-b46d7479\">\n<figure class=\"gb-block-image gb-block-image-92bbe47c\"><img loading=\"lazy\" decoding=\"async\" width=\"900\" height=\"504\" src=\"https:\/\/blueseed.co\/wp-content\/uploads\/2025\/06\/Laptop-displaying-trading-charts.jpg\" class=\"gb-image-92bbe47c\" alt=\"\" srcset=\"https:\/\/blueseed.co\/wp-content\/uploads\/2025\/06\/Laptop-displaying-trading-charts.jpg 900w, https:\/\/blueseed.co\/wp-content\/uploads\/2025\/06\/Laptop-displaying-trading-charts-300x168.jpg 300w, https:\/\/blueseed.co\/wp-content\/uploads\/2025\/06\/Laptop-displaying-trading-charts-768x430.jpg 768w\" sizes=\"auto, (max-width: 900px) 100vw, 900px\" title=\"\"><\/figure>\n\n<h2 class=\"gb-headline gb-headline-c4128972 gb-headline-text\"><a href=\"https:\/\/blueseed.co\/es\/crypto-analysis\/gpt-permax-review\/\">1386_P_N 1386_E1 Rese\u00f1a: C\u00f3mo desbloquear el trading con IA de alto rendimiento para MMM<\/a><\/h2>\n\n<p class=\"gb-headline gb-headline-50c8585f gb-headline-text\"><time class=\"entry-date published\" datetime=\"2025-06-16T09:02:54+00:00\">junio 16, 2025<\/time><\/p>\n\n<div class=\"gb-headline gb-headline-e1a24319 gb-headline-text\">El trading en l\u00ednea avanza r\u00e1pidamente, y 1386_P_N 1386_E3 se esfuerza por mantenerse al d\u00eda mediante el uso de IA para facilitar las cosas a los operadores. Tanto si est\u00e1s empezando como si ya tienes experiencia, la plataforma promete ayudarte con la automatizaci\u00f3n de herramientas inteligentes y el an\u00e1lisis del mercado.<\/div>\n<\/div><\/div>\n\n<div class=\"gb-grid-column gb-grid-column-b46d7479 gb-query-loop-item post-1064 crypto_analysis type-crypto_analysis status-publish format-standard has-post-thumbnail hentry gblocks_pattern_collections-local-patterns\"><div class=\"gb-container gb-container-b46d7479\">\n<figure class=\"gb-block-image gb-block-image-92bbe47c\"><img loading=\"lazy\" decoding=\"async\" width=\"900\" height=\"504\" src=\"https:\/\/blueseed.co\/wp-content\/uploads\/2025\/06\/Laptop-and-coffee-at-sunrise.jpg\" class=\"gb-image-92bbe47c\" alt=\"\" srcset=\"https:\/\/blueseed.co\/wp-content\/uploads\/2025\/06\/Laptop-and-coffee-at-sunrise.jpg 900w, https:\/\/blueseed.co\/wp-content\/uploads\/2025\/06\/Laptop-and-coffee-at-sunrise-300x168.jpg 300w, https:\/\/blueseed.co\/wp-content\/uploads\/2025\/06\/Laptop-and-coffee-at-sunrise-768x430.jpg 768w\" sizes=\"auto, (max-width: 900px) 100vw, 900px\" title=\"\"><\/figure>\n\n<h2 class=\"gb-headline gb-headline-c4128972 gb-headline-text\"><a href=\"https:\/\/blueseed.co\/es\/crypto-analysis\/gpt-permax\/\">1385_P_N 1385_E1 Revisi\u00f3n: Herramientas de trading con IA para el mercado MO<\/a><\/h2>\n\n<p class=\"gb-headline gb-headline-50c8585f gb-headline-text\"><time class=\"entry-date published\" datetime=\"2025-06-16T08:30:09+00:00\">junio 16, 2025<\/time><\/p>\n\n<div class=\"gb-headline gb-headline-e1a24319 gb-headline-text\">El trading online avanza a pasos agigantados, y 1385_P_N 1385_E3 se esfuerza por mantenerse al d\u00eda mediante el uso de IA para facilitar las cosas a los operadores. Tanto si est\u00e1s empezando como si ya tienes experiencia, la plataforma promete ayudarte con la automatizaci\u00f3n de herramientas inteligentes y el an\u00e1lisis del mercado.<\/div>\n<\/div><\/div>\n<\/div>\n\n<div class=\"gb-container gb-container-5364bbd9 gb-query-loop-pagination\">\n\n\n<span class=\"gb-button gb-button-c33ddc85 gb-button-text page-numbers gb-block-is-current\" aria-current=\"page\">1<\/span><a class=\"gb-button gb-button-c33ddc85 gb-button-text page-numbers\" href=\"?query-650b4acd-page=2\">2<\/a>\n\n<a class=\"gb-button gb-button-a72434ed gb-button-text\" href=\"\/es\/wp-json\/wp\/v2\/pages\/1039?query-650b4acd-page=2\">Pr\u00f3ximo<\/a>\n<\/div>\n\n<\/div>\n<\/div>","protected":false},"excerpt":{"rendered":"<p>En Blueseed, nos dedicamos a brindar un an\u00e1lisis exhaustivo de una amplia gama de proyectos de blockchain y criptomonedas, algunos impulsados por emprendedores de Blueseed. Nuestro equipo de expertos analiza los proyectos con ojo cr\u00edtico, evaluando factores como la tecnolog\u00eda, la credibilidad del equipo, el potencial de mercado y la seguridad. Con nuestros conocimientos, tendr\u00e1s &#8230; <a title=\"An\u00e1lisis experto de criptomonedas y rese\u00f1as de proyectos blockchain\" class=\"read-more\" href=\"https:\/\/blueseed.co\/es\/crypto-analysis\/\" aria-label=\"Leer m\u00e1s sobre An\u00e1lisis experto de criptomonedas y rese\u00f1as de proyectos blockchain\">Leer m\u00e1s<\/a><\/p>\n","protected":false},"author":1,"featured_media":0,"parent":0,"menu_order":0,"comment_status":"closed","ping_status":"closed","template":"","meta":{"footnotes":""},"class_list":["post-1039","page","type-page","status-publish"],"_links":{"self":[{"href":"https:\/\/blueseed.co\/es\/wp-json\/wp\/v2\/pages\/1039","targetHints":{"allow":["GET"]}}],"collection":[{"href":"https:\/\/blueseed.co\/es\/wp-json\/wp\/v2\/pages"}],"about":[{"href":"https:\/\/blueseed.co\/es\/wp-json\/wp\/v2\/types\/page"}],"author":[{"embeddable":true,"href":"https:\/\/blueseed.co\/es\/wp-json\/wp\/v2\/users\/1"}],"replies":[{"embeddable":true,"href":"https:\/\/blueseed.co\/es\/wp-json\/wp\/v2\/comments?post=1039"}],"version-history":[{"count":1,"href":"https:\/\/blueseed.co\/es\/wp-json\/wp\/v2\/pages\/1039\/revisions"}],"predecessor-version":[{"id":1040,"href":"https:\/\/blueseed.co\/es\/wp-json\/wp\/v2\/pages\/1039\/revisions\/1040"}],"wp:attachment":[{"href":"https:\/\/blueseed.co\/es\/wp-json\/wp\/v2\/media?parent=1039"}],"curies":[{"name":"wp","href":"https:\/\/api.w.org\/{rel}","templated":true}]}}