{"id":1037,"date":"2025-01-06T09:59:49","date_gmt":"2025-01-06T09:59:49","guid":{"rendered":"https:\/\/blueseed.co\/explora-resenas-api-y-herramientas-de-intercambio-de-criptomonedas-para-empresas\/"},"modified":"2025-06-22T07:11:31","modified_gmt":"2025-06-22T07:11:31","slug":"crypto-exchanges","status":"publish","type":"page","link":"https:\/\/blueseed.co\/es\/crypto-exchanges\/","title":{"rendered":"Explora rese\u00f1as, API y herramientas de intercambio de criptomonedas para empresas."},"content":{"rendered":"<div class=\"gb-container gb-container-d1a8bfcd\">\n<div class=\"gb-container gb-container-0b4d9520\">\n\n<p>Elegir la plataforma de intercambio de criptomonedas adecuada para tu proyecto o negocio puede parecer una tarea ardua. Hay tantas opciones que es dif\u00edcil saber cu\u00e1l te funcionar\u00e1. Por eso creamos esta p\u00e1gina. Quer\u00edamos que te resultara m\u00e1s f\u00e1cil entenderlo todo. Aqu\u00ed encontrar\u00e1s rese\u00f1as de diferentes plataformas de intercambio de criptomonedas. Tambi\u00e9n analizamos las herramientas que ofrecen, como API y funciones B2B, para que veas qu\u00e9 te pueden ayudar. Si eres desarrollador, propietario de un negocio o trabajas en un proyecto de criptomonedas, esto es para ti. Estas herramientas pueden ahorrarte tiempo y ayudar a que tu proyecto funcione mejor. Algunas plataformas ofrecen funciones que simplifican las integraciones, mientras que otras se centran m\u00e1s en la seguridad o en tipos espec\u00edficos de transacciones. Aqu\u00ed repasamos todo eso. El objetivo es brindarte informaci\u00f3n clara y directa para que puedas decidir qu\u00e9 funciona mejor. Sin rodeos, solo lo que necesitas saber para tomar la decisi\u00f3n correcta para tu trabajo o negocio.<br\/><\/p>\n\n\n\n<div class=\"gb-grid-wrapper gb-grid-wrapper-95e54945 gb-query-loop-wrapper\">\n<div class=\"gb-grid-column gb-grid-column-54683344 gb-query-loop-item post-1082 crypto_exchanges type-crypto_exchanges status-publish format-standard has-post-thumbnail hentry gblocks_pattern_collections-local-patterns\"><div class=\"gb-container gb-container-54683344\">\n<figure class=\"gb-block-image gb-block-image-7435b004\"><img loading=\"lazy\" decoding=\"async\" width=\"1200\" height=\"672\" src=\"https:\/\/blueseed.co\/wp-content\/uploads\/2025\/01\/featuring-online-trading-7.jpg\" class=\"gb-image-7435b004\" alt=\"Binance\" srcset=\"https:\/\/blueseed.co\/wp-content\/uploads\/2025\/01\/featuring-online-trading-7.jpg 1200w, https:\/\/blueseed.co\/wp-content\/uploads\/2025\/01\/featuring-online-trading-7-300x168.jpg 300w, https:\/\/blueseed.co\/wp-content\/uploads\/2025\/01\/featuring-online-trading-7-1024x573.jpg 1024w, https:\/\/blueseed.co\/wp-content\/uploads\/2025\/01\/featuring-online-trading-7-768x430.jpg 768w\" sizes=\"auto, (max-width: 1200px) 100vw, 1200px\" title=\"\"><\/figure>\n\n<h2 class=\"gb-headline gb-headline-a248ff6c gb-headline-text\"><a href=\"https:\/\/blueseed.co\/es\/crypto-exchanges\/binance\/\">Rese\u00f1a de Binance: Caracter\u00edsticas, comisiones y herramientas para proyectos blockchain<\/a><\/h2>\n\n<p class=\"gb-headline gb-headline-36036b88 gb-headline-text\"><time class=\"entry-date published\" datetime=\"2025-01-06T10:32:54+00:00\">enero 6, 2025<\/time><\/p>\n\n<div class=\"gb-headline gb-headline-1c004b98 gb-headline-text\">Rese\u00f1a de Binance: Reflexiones sinceras Binance es una de las empresas m\u00e1s importantes del mundo de las criptomonedas. Comenz\u00f3 en 2017 y creci\u00f3 a un ritmo vertiginoso. Fue fundada por Changpeng Zhao, a quien la mayor\u00eda de la gente llama simplemente CZ. Binance comenz\u00f3 en China, pero tuvo que mudarse debido a las regulaciones gubernamentales. &#8230; <a title=\"Rese\u00f1a de Binance: Caracter\u00edsticas, comisiones y herramientas para proyectos blockchain\" class=\"read-more\" href=\"https:\/\/blueseed.co\/es\/crypto-exchanges\/binance\/\" aria-label=\"Leer m\u00e1s sobre Rese\u00f1a de Binance: Caracter\u00edsticas, comisiones y herramientas para proyectos blockchain\">Leer m\u00e1s<\/a><\/div>\n<\/div><\/div>\n\n<div class=\"gb-grid-column gb-grid-column-54683344 gb-query-loop-item post-1083 crypto_exchanges type-crypto_exchanges status-publish format-standard has-post-thumbnail hentry gblocks_pattern_collections-local-patterns\"><div class=\"gb-container gb-container-54683344\">\n<figure class=\"gb-block-image gb-block-image-7435b004\"><img loading=\"lazy\" decoding=\"async\" width=\"1200\" height=\"672\" src=\"https:\/\/blueseed.co\/wp-content\/uploads\/2025\/01\/featuring-online-trading-6.jpg\" class=\"gb-image-7435b004\" alt=\"Changelly\" srcset=\"https:\/\/blueseed.co\/wp-content\/uploads\/2025\/01\/featuring-online-trading-6.jpg 1200w, https:\/\/blueseed.co\/wp-content\/uploads\/2025\/01\/featuring-online-trading-6-300x168.jpg 300w, https:\/\/blueseed.co\/wp-content\/uploads\/2025\/01\/featuring-online-trading-6-1024x573.jpg 1024w, https:\/\/blueseed.co\/wp-content\/uploads\/2025\/01\/featuring-online-trading-6-768x430.jpg 768w\" sizes=\"auto, (max-width: 1200px) 100vw, 1200px\" title=\"\"><\/figure>\n\n<h2 class=\"gb-headline gb-headline-a248ff6c gb-headline-text\"><a href=\"https:\/\/blueseed.co\/es\/crypto-exchanges\/changelly\/\">Rese\u00f1a de Changelly: Intercambios de criptomonedas sencillos y herramientas para tu negocio<\/a><\/h2>\n\n<p class=\"gb-headline gb-headline-36036b88 gb-headline-text\"><time class=\"entry-date published\" datetime=\"2025-01-06T10:30:40+00:00\">enero 6, 2025<\/time><\/p>\n\n<div class=\"gb-headline gb-headline-1c004b98 gb-headline-text\">Descripci\u00f3n general de Changelly Changelly es una plataforma de intercambio fundada en 2015. Tiene su sede en Praga y se centra en el intercambio instant\u00e1neo de criptomonedas. La plataforma tambi\u00e9n ofrece herramientas para empresas, como API y soluciones de marca blanca. En lugar de ser una gran plataforma de intercambio, se centra en ayudar a &#8230; <a title=\"Rese\u00f1a de Changelly: Intercambios de criptomonedas sencillos y herramientas para tu negocio\" class=\"read-more\" href=\"https:\/\/blueseed.co\/es\/crypto-exchanges\/changelly\/\" aria-label=\"Leer m\u00e1s sobre Rese\u00f1a de Changelly: Intercambios de criptomonedas sencillos y herramientas para tu negocio\">Leer m\u00e1s<\/a><\/div>\n<\/div><\/div>\n\n<div class=\"gb-grid-column gb-grid-column-54683344 gb-query-loop-item post-1084 crypto_exchanges type-crypto_exchanges status-publish format-standard has-post-thumbnail hentry gblocks_pattern_collections-local-patterns\"><div class=\"gb-container gb-container-54683344\">\n<figure class=\"gb-block-image gb-block-image-7435b004\"><img loading=\"lazy\" decoding=\"async\" width=\"1200\" height=\"672\" src=\"https:\/\/blueseed.co\/wp-content\/uploads\/2025\/01\/featuring-online-trading-5.jpg\" class=\"gb-image-7435b004\" alt=\"Rubic\u2019s Bridge API\" srcset=\"https:\/\/blueseed.co\/wp-content\/uploads\/2025\/01\/featuring-online-trading-5.jpg 1200w, https:\/\/blueseed.co\/wp-content\/uploads\/2025\/01\/featuring-online-trading-5-300x168.jpg 300w, https:\/\/blueseed.co\/wp-content\/uploads\/2025\/01\/featuring-online-trading-5-1024x573.jpg 1024w, https:\/\/blueseed.co\/wp-content\/uploads\/2025\/01\/featuring-online-trading-5-768x430.jpg 768w\" sizes=\"auto, (max-width: 1200px) 100vw, 1200px\" title=\"\"><\/figure>\n\n<h2 class=\"gb-headline gb-headline-a248ff6c gb-headline-text\"><a href=\"https:\/\/blueseed.co\/es\/crypto-exchanges\/rubics-bridge-api\/\">API de Rubic&#8217;s Bridge: Intercambios entre cadenas sencillos para sus proyectos blockchain<\/a><\/h2>\n\n<p class=\"gb-headline gb-headline-36036b88 gb-headline-text\"><time class=\"entry-date published\" datetime=\"2025-01-06T10:27:59+00:00\">enero 6, 2025<\/time><\/p>\n\n<div class=\"gb-headline gb-headline-1c004b98 gb-headline-text\">Descripci\u00f3n general de la API de Rubic&#8217;s Bridge La API Rubic&#8217;s Bridge es una herramienta lanzada en 2021 para ayudar a las empresas con los intercambios de criptomonedas entre cadenas. Tiene su sede en Estonia y se centra en facilitar la conexi\u00f3n entre blockchains. La idea principal es permitir a los usuarios transferir tokens entre &#8230; <a title=\"API de Rubic&#8217;s Bridge: Intercambios entre cadenas sencillos para sus proyectos blockchain\" class=\"read-more\" href=\"https:\/\/blueseed.co\/es\/crypto-exchanges\/rubics-bridge-api\/\" aria-label=\"Leer m\u00e1s sobre API de Rubic&#8217;s Bridge: Intercambios entre cadenas sencillos para sus proyectos blockchain\">Leer m\u00e1s<\/a><\/div>\n<\/div><\/div>\n\n<div class=\"gb-grid-column gb-grid-column-54683344 gb-query-loop-item post-1085 crypto_exchanges type-crypto_exchanges status-publish format-standard has-post-thumbnail hentry gblocks_pattern_collections-local-patterns\"><div class=\"gb-container gb-container-54683344\">\n<figure class=\"gb-block-image gb-block-image-7435b004\"><img loading=\"lazy\" decoding=\"async\" width=\"1200\" height=\"672\" src=\"https:\/\/blueseed.co\/wp-content\/uploads\/2025\/01\/featuring-online-trading-4.jpg\" class=\"gb-image-7435b004\" alt=\"Ripple Liquidity Hub\" srcset=\"https:\/\/blueseed.co\/wp-content\/uploads\/2025\/01\/featuring-online-trading-4.jpg 1200w, https:\/\/blueseed.co\/wp-content\/uploads\/2025\/01\/featuring-online-trading-4-300x168.jpg 300w, https:\/\/blueseed.co\/wp-content\/uploads\/2025\/01\/featuring-online-trading-4-1024x573.jpg 1024w, https:\/\/blueseed.co\/wp-content\/uploads\/2025\/01\/featuring-online-trading-4-768x430.jpg 768w\" sizes=\"auto, (max-width: 1200px) 100vw, 1200px\" title=\"\"><\/figure>\n\n<h2 class=\"gb-headline gb-headline-a248ff6c gb-headline-text\"><a href=\"https:\/\/blueseed.co\/es\/crypto-exchanges\/ripple-liquidity-hub\/\">An\u00e1lisis de Ripple Liquidity Hub: una soluci\u00f3n sencilla para las necesidades de liquidez de criptomonedas<\/a><\/h2>\n\n<p class=\"gb-headline gb-headline-36036b88 gb-headline-text\"><time class=\"entry-date published\" datetime=\"2025-01-06T10:24:34+00:00\">enero 6, 2025<\/time><\/p>\n\n<div class=\"gb-headline gb-headline-1c004b98 gb-headline-text\">Descripci\u00f3n general de Ripple Liquidity Hub Ripple Liquidity Hub es una herramienta lanzada en 2023 por Ripple. Tiene su sede en San Francisco, California. Su objetivo principal es ayudar a las empresas a gestionar la liquidez de las criptomonedas y facilitar los pagos. En lugar de ser un lugar para intercambiar criptomonedas como otras plataformas, &#8230; <a title=\"An\u00e1lisis de Ripple Liquidity Hub: una soluci\u00f3n sencilla para las necesidades de liquidez de criptomonedas\" class=\"read-more\" href=\"https:\/\/blueseed.co\/es\/crypto-exchanges\/ripple-liquidity-hub\/\" aria-label=\"Leer m\u00e1s sobre An\u00e1lisis de Ripple Liquidity Hub: una soluci\u00f3n sencilla para las necesidades de liquidez de criptomonedas\">Leer m\u00e1s<\/a><\/div>\n<\/div><\/div>\n\n<div class=\"gb-grid-column gb-grid-column-54683344 gb-query-loop-item post-1086 crypto_exchanges type-crypto_exchanges status-publish format-standard has-post-thumbnail hentry gblocks_pattern_collections-local-patterns\"><div class=\"gb-container gb-container-54683344\">\n<figure class=\"gb-block-image gb-block-image-7435b004\"><img loading=\"lazy\" decoding=\"async\" width=\"1200\" height=\"672\" src=\"https:\/\/blueseed.co\/wp-content\/uploads\/2025\/01\/featuring-online-trading-3.jpg\" class=\"gb-image-7435b004\" alt=\"Crypto.com\" srcset=\"https:\/\/blueseed.co\/wp-content\/uploads\/2025\/01\/featuring-online-trading-3.jpg 1200w, https:\/\/blueseed.co\/wp-content\/uploads\/2025\/01\/featuring-online-trading-3-300x168.jpg 300w, https:\/\/blueseed.co\/wp-content\/uploads\/2025\/01\/featuring-online-trading-3-1024x573.jpg 1024w, https:\/\/blueseed.co\/wp-content\/uploads\/2025\/01\/featuring-online-trading-3-768x430.jpg 768w\" sizes=\"auto, (max-width: 1200px) 100vw, 1200px\" title=\"\"><\/figure>\n\n<h2 class=\"gb-headline gb-headline-a248ff6c gb-headline-text\"><a href=\"https:\/\/blueseed.co\/es\/crypto-exchanges\/crypto-com\/\">An\u00e1lisis de Crypto.com: herramientas y conocimientos para empresas y desarrolladores<\/a><\/h2>\n\n<p class=\"gb-headline gb-headline-36036b88 gb-headline-text\"><time class=\"entry-date published\" datetime=\"2025-01-06T10:19:47+00:00\">enero 6, 2025<\/time><\/p>\n\n<div class=\"gb-headline gb-headline-1c004b98 gb-headline-text\">Rese\u00f1a de Crypto.com : De qu\u00e9 se trata Crypto.com existe desde 2016. Tiene su sede en Singapur y es una de las empresas m\u00e1s importantes del mundo de las criptomonedas. La plataforma es conocida por ofrecer una amplia gama de servicios como trading, staking y pagos. Adem\u00e1s, cuenta con herramientas para empresas. Si tienes un &#8230; <a title=\"An\u00e1lisis de Crypto.com: herramientas y conocimientos para empresas y desarrolladores\" class=\"read-more\" href=\"https:\/\/blueseed.co\/es\/crypto-exchanges\/crypto-com\/\" aria-label=\"Leer m\u00e1s sobre An\u00e1lisis de Crypto.com: herramientas y conocimientos para empresas y desarrolladores\">Leer m\u00e1s<\/a><\/div>\n<\/div><\/div>\n\n<div class=\"gb-grid-column gb-grid-column-54683344 gb-query-loop-item post-1087 crypto_exchanges type-crypto_exchanges status-publish format-standard has-post-thumbnail hentry gblocks_pattern_collections-local-patterns\"><div class=\"gb-container gb-container-54683344\">\n<figure class=\"gb-block-image gb-block-image-7435b004\"><img loading=\"lazy\" decoding=\"async\" width=\"1200\" height=\"672\" src=\"https:\/\/blueseed.co\/wp-content\/uploads\/2025\/01\/featuring-online-trading-2.jpg\" class=\"gb-image-7435b004\" alt=\"CEX.IO\" srcset=\"https:\/\/blueseed.co\/wp-content\/uploads\/2025\/01\/featuring-online-trading-2.jpg 1200w, https:\/\/blueseed.co\/wp-content\/uploads\/2025\/01\/featuring-online-trading-2-300x168.jpg 300w, https:\/\/blueseed.co\/wp-content\/uploads\/2025\/01\/featuring-online-trading-2-1024x573.jpg 1024w, https:\/\/blueseed.co\/wp-content\/uploads\/2025\/01\/featuring-online-trading-2-768x430.jpg 768w\" sizes=\"auto, (max-width: 1200px) 100vw, 1200px\" title=\"\"><\/figure>\n\n<h2 class=\"gb-headline gb-headline-a248ff6c gb-headline-text\"><a href=\"https:\/\/blueseed.co\/es\/crypto-exchanges\/cex-io\/\">Rese\u00f1a de CEX.IO: Una plataforma confiable para empresas y desarrolladores<\/a><\/h2>\n\n<p class=\"gb-headline gb-headline-36036b88 gb-headline-text\"><time class=\"entry-date published\" datetime=\"2025-01-06T10:06:00+00:00\">enero 6, 2025<\/time><\/p>\n\n<div class=\"gb-headline gb-headline-1c004b98 gb-headline-text\">Descripci\u00f3n general del Exchange CEX.IO existe desde 2013 y es una de las plataformas de intercambio de criptomonedas m\u00e1s antiguas del mercado. Tiene su sede en Londres y opera en muchos pa\u00edses. Comenz\u00f3 como una plataforma para miner\u00eda en la nube, pero ahora es una plataforma completa donde se pueden intercambiar criptomonedas o incluso usarlas &#8230; <a title=\"Rese\u00f1a de CEX.IO: Una plataforma confiable para empresas y desarrolladores\" class=\"read-more\" href=\"https:\/\/blueseed.co\/es\/crypto-exchanges\/cex-io\/\" aria-label=\"Leer m\u00e1s sobre Rese\u00f1a de CEX.IO: Una plataforma confiable para empresas y desarrolladores\">Leer m\u00e1s<\/a><\/div>\n<\/div><\/div>\n<\/div>\n\n<div class=\"gb-container gb-container-5364bbd9 gb-query-loop-pagination\">\n\n\n\n\n\n<\/div>\n\n<\/div>\n<\/div>","protected":false},"excerpt":{"rendered":"<p>Elegir la plataforma de intercambio de criptomonedas adecuada para tu proyecto o negocio puede parecer una tarea ardua. Hay tantas opciones que es dif\u00edcil saber cu\u00e1l te funcionar\u00e1. Por eso creamos esta p\u00e1gina. Quer\u00edamos que te resultara m\u00e1s f\u00e1cil entenderlo todo. Aqu\u00ed encontrar\u00e1s rese\u00f1as de diferentes plataformas de intercambio de criptomonedas. Tambi\u00e9n analizamos las herramientas &#8230; <a title=\"Explora rese\u00f1as, API y herramientas de intercambio de criptomonedas para empresas.\" class=\"read-more\" href=\"https:\/\/blueseed.co\/es\/crypto-exchanges\/\" aria-label=\"Leer m\u00e1s sobre Explora rese\u00f1as, API y herramientas de intercambio de criptomonedas para empresas.\">Leer m\u00e1s<\/a><\/p>\n","protected":false},"author":1,"featured_media":0,"parent":0,"menu_order":0,"comment_status":"closed","ping_status":"closed","template":"","meta":{"footnotes":""},"class_list":["post-1037","page","type-page","status-publish"],"_links":{"self":[{"href":"https:\/\/blueseed.co\/es\/wp-json\/wp\/v2\/pages\/1037","targetHints":{"allow":["GET"]}}],"collection":[{"href":"https:\/\/blueseed.co\/es\/wp-json\/wp\/v2\/pages"}],"about":[{"href":"https:\/\/blueseed.co\/es\/wp-json\/wp\/v2\/types\/page"}],"author":[{"embeddable":true,"href":"https:\/\/blueseed.co\/es\/wp-json\/wp\/v2\/users\/1"}],"replies":[{"embeddable":true,"href":"https:\/\/blueseed.co\/es\/wp-json\/wp\/v2\/comments?post=1037"}],"version-history":[{"count":1,"href":"https:\/\/blueseed.co\/es\/wp-json\/wp\/v2\/pages\/1037\/revisions"}],"predecessor-version":[{"id":1038,"href":"https:\/\/blueseed.co\/es\/wp-json\/wp\/v2\/pages\/1037\/revisions\/1038"}],"wp:attachment":[{"href":"https:\/\/blueseed.co\/es\/wp-json\/wp\/v2\/media?parent=1037"}],"curies":[{"name":"wp","href":"https:\/\/api.w.org\/{rel}","templated":true}]}}