{"id":1029,"date":"2024-09-01T08:29:48","date_gmt":"2024-09-01T08:29:48","guid":{"rendered":"https:\/\/blueseed.co\/por-que-confiar-en-nosotros\/"},"modified":"2025-06-22T07:11:55","modified_gmt":"2025-06-22T07:11:55","slug":"why-trust-us","status":"publish","type":"page","link":"https:\/\/blueseed.co\/es\/why-trust-us\/","title":{"rendered":"\u00bfPor qu\u00e9 confiar en nosotros?"},"content":{"rendered":"<div class=\"gb-container gb-container-cc745486\">\n<div class=\"gb-container gb-container-7877365c\">\n\n<p>Bienvenido a <a href=\"https:\/\/blueseed.co\/es\/\" data-type=\"page\" data-id=\"14\">Blueseed<\/a> , tu fuente de referencia para obtener informaci\u00f3n confiable sobre finanzas y criptomonedas. Nuestro equipo internacional de m\u00e1s de 40 redactores experimentados se dedica a brindar informaci\u00f3n precisa y detallada sobre oportunidades de inversi\u00f3n y el mercado de criptomonedas. Priorizamos la transparencia y la informaci\u00f3n objetiva, y todo nuestro contenido est\u00e1 rigurosamente verificado para brindarte el conocimiento necesario para tomar decisiones acertadas. Conf\u00eda en nosotros para obtener contenido imparcial y valioso en el que puedes confiar.<\/p>\n\n\n\n<h2 class=\"wp-block-heading\">EXPERIENCIA Y ESPECIALIZACI\u00d3N<\/h2>\n\n\n\n<p>En Blueseed, nos enorgullecemos de nuestro equipo de redactores expertos, especialistas en finanzas y criptomonedas. Con un profundo conocimiento del sector y una amplia experiencia, nuestros redactores le acercan las \u00faltimas tendencias, actualizaciones regulatorias y desarrollos del mercado. Muchos de nuestros redactores tienen experiencia pr\u00e1ctica en inversiones, lo que les ofrece perspectivas \u00fanicas sobre los desaf\u00edos y las oportunidades del mundo de las criptomonedas. Esta profunda experiencia garantiza que nuestro contenido sea relevante y altamente informativo, manteniendo los altos est\u00e1ndares que caracterizan a Blueseed.<\/p>\n\n\n\n<h2 class=\"wp-block-heading\">COMUNICACI\u00d3N CLARA Y ACCESIBLE<\/h2>\n\n\n\n<p>Creemos que una comunicaci\u00f3n clara y accesible es esencial para generar confianza con nuestros lectores. Por eso, simplificamos temas complejos, desglos\u00e1ndolos en t\u00e9rminos f\u00e1ciles de entender. Utilizamos ejemplos, analog\u00edas y recursos visuales para que nuestro contenido sea m\u00e1s atractivo y comprensible. Al evitar la jerga innecesaria y el lenguaje t\u00e9cnico, garantizamos una experiencia clara y coherente para nuestros lectores.<\/p>\n\n\n\n<h2 class=\"wp-block-heading\">CORRECCI\u00d3N DE PRUEBAS EXHAUSTIVA<\/h2>\n\n\n\n<p>Nuestra dedicaci\u00f3n a la claridad y la precisi\u00f3n se ve reforzada por rigurosos procesos de correcci\u00f3n. Cada contenido se somete a una revisi\u00f3n meticulosa para garantizar que est\u00e9 libre de errores gramaticales, ortogr\u00e1ficos, de puntuaci\u00f3n y de precisi\u00f3n. Tambi\u00e9n mantenemos un sistema de notificaci\u00f3n de errores eficaz, que invita a los lectores a avisarnos de cualquier error, el cual solucionamos con prontitud. Este compromiso con una correcci\u00f3n exhaustiva refuerza nuestra promesa de ofrecer informaci\u00f3n fiable y veraz.<\/p>\n\n\n\n<h2 class=\"wp-block-heading\">INDEPENDENCIA EDITORIAL E INFORMACI\u00d3N IMPREVISIBLE<\/h2>\n\n\n\n<p>Para preservar nuestra independencia editorial y evitar conflictos de intereses, no aceptamos pagos de terceros por cubrir temas espec\u00edficos. Este compromiso con el periodismo \u00e9tico es crucial para mantener nuestra integridad. Al rechazar pagos externos, priorizamos los intereses de nuestros lectores, garantizando que nuestro contenido sea objetivo y libre de influencias indebidas. Nuestra dedicaci\u00f3n a la informaci\u00f3n imparcial es un pilar fundamental de nuestros est\u00e1ndares period\u00edsticos.<\/p>\n\n\n\n<h2 class=\"wp-block-heading\">INTEGRACIONES CONFIABLES Y EN TIEMPO REAL<\/h2>\n\n\n\n<p>Proporcionamos informaci\u00f3n fiable y en tiempo real mediante integraciones robustas con APIs de renombre como CoinAPI y CoinMarketCap API. Esto garantiza una entrega de datos r\u00e1pida y precisa. Nuestros redactores tambi\u00e9n realizan pruebas exhaustivas de plataformas y aplicaciones para validar su precisi\u00f3n y fiabilidad, evaluando aspectos como el registro, los procesos de dep\u00f3sito, las interfaces de trading, las comisiones, la seguridad y la atenci\u00f3n al cliente mediante metodolog\u00edas rigurosas.<\/p>\n\n\n\n<h2 class=\"wp-block-heading\">PRUEBAS RIGUROSAS DE PRECISI\u00d3N Y CONFIABILIDAD<\/h2>\n\n\n\n<p>Garantizar la precisi\u00f3n y fiabilidad de nuestra informaci\u00f3n es fundamental para nosotros. Nuestros redactores realizan rigurosas pruebas de plataformas y aplicaciones, evaluando m\u00faltiples aspectos para garantizar su fiabilidad. Mediante el uso de API consolidadas, ofrecemos datos precisos y en tiempo real. Nuestro modelo de negocio respalda nuestra independencia editorial, con ingresos generados mediante marketing de afiliaci\u00f3n cuidadosamente seleccionado, lo que garantiza la entrega de contenido imparcial.<\/p>\n\n\n\n<h2 class=\"wp-block-heading\">EXPERIENCIA DE PRIMERA MANO CON PLATAFORMAS CUBIERTAS<\/h2>\n\n\n\n<p>Nuestro equipo adquiere experiencia directa con las plataformas que cubrimos, lo que nos proporciona informaci\u00f3n detallada y valiosa. Este enfoque pr\u00e1ctico nos permite evaluar exhaustivamente las caracter\u00edsticas, la funcionalidad y la experiencia de usuario de cada plataforma. Realizamos an\u00e1lisis exhaustivos e incorporamos los comentarios de los usuarios para comprender a fondo las fortalezas y debilidades de cada plataforma.<\/p>\n\n\n\n<h2 class=\"wp-block-heading\">EQUILIBRAR LA RENTABILIDAD Y LA INTEGRIDAD<\/h2>\n\n\n\n<p>Como entidad con fines de lucro, buscamos un equilibrio cuidadoso entre la rentabilidad y la integridad period\u00edstica. Nuestros ingresos se generan mediante el marketing de afiliaci\u00f3n, y seleccionamos a nuestros afiliados en funci\u00f3n de los productos y servicios que nuestro equipo utilizar\u00eda personalmente. Esta estrategia garantiza nuestro compromiso de proporcionar informaci\u00f3n objetiva sin concesiones, lo que demuestra que la rentabilidad y la integridad pueden coexistir.<\/p>\n\n\n\n<h2 class=\"wp-block-heading\">CONTENIDO IMPARCIAL A PESAR DEL MARKETING DE AFILIADOS<\/h2>\n\n\n\n<p>A pesar de nuestro modelo con fines de lucro, nuestra dedicaci\u00f3n al contenido imparcial es inquebrantable. Seleccionamos meticulosamente a nuestros afiliados y seguimos estrictas directrices editoriales que priorizan la transparencia y la verificaci\u00f3n rigurosa de datos. Nuestros controles de calidad protegen la integridad del contenido y agradecemos la opini\u00f3n de nuestros lectores para corregir cualquier error con prontitud. Nuestra prioridad es ofrecer informaci\u00f3n objetiva, exhaustiva y transparente, independientemente de nuestras colaboraciones con afiliados.<\/p>\n\n<\/div>\n<\/div>","protected":false},"excerpt":{"rendered":"<p>Bienvenido a Blueseed , tu fuente de referencia para obtener informaci\u00f3n confiable sobre finanzas y criptomonedas. Nuestro equipo internacional de m\u00e1s de 40 redactores experimentados se dedica a brindar informaci\u00f3n precisa y detallada sobre oportunidades de inversi\u00f3n y el mercado de criptomonedas. Priorizamos la transparencia y la informaci\u00f3n objetiva, y todo nuestro contenido est\u00e1 rigurosamente &#8230; <a title=\"\u00bfPor qu\u00e9 confiar en nosotros?\" class=\"read-more\" href=\"https:\/\/blueseed.co\/es\/why-trust-us\/\" aria-label=\"Leer m\u00e1s sobre \u00bfPor qu\u00e9 confiar en nosotros?\">Leer m\u00e1s<\/a><\/p>\n","protected":false},"author":1,"featured_media":0,"parent":0,"menu_order":0,"comment_status":"closed","ping_status":"closed","template":"","meta":{"footnotes":""},"class_list":["post-1029","page","type-page","status-publish"],"_links":{"self":[{"href":"https:\/\/blueseed.co\/es\/wp-json\/wp\/v2\/pages\/1029","targetHints":{"allow":["GET"]}}],"collection":[{"href":"https:\/\/blueseed.co\/es\/wp-json\/wp\/v2\/pages"}],"about":[{"href":"https:\/\/blueseed.co\/es\/wp-json\/wp\/v2\/types\/page"}],"author":[{"embeddable":true,"href":"https:\/\/blueseed.co\/es\/wp-json\/wp\/v2\/users\/1"}],"replies":[{"embeddable":true,"href":"https:\/\/blueseed.co\/es\/wp-json\/wp\/v2\/comments?post=1029"}],"version-history":[{"count":2,"href":"https:\/\/blueseed.co\/es\/wp-json\/wp\/v2\/pages\/1029\/revisions"}],"predecessor-version":[{"id":1055,"href":"https:\/\/blueseed.co\/es\/wp-json\/wp\/v2\/pages\/1029\/revisions\/1055"}],"wp:attachment":[{"href":"https:\/\/blueseed.co\/es\/wp-json\/wp\/v2\/media?parent=1029"}],"curies":[{"name":"wp","href":"https:\/\/api.w.org\/{rel}","templated":true}]}}