{"id":1023,"date":"2024-08-07T13:08:15","date_gmt":"2024-08-07T13:08:15","guid":{"rendered":"https:\/\/blueseed.co\/datos-breves\/"},"modified":"2025-06-22T07:12:27","modified_gmt":"2025-06-22T07:12:27","slug":"quick-facts","status":"publish","type":"page","link":"https:\/\/blueseed.co\/es\/quick-facts\/","title":{"rendered":"Datos breves"},"content":{"rendered":"<div class=\"gb-container gb-container-6ee13874\">\n<div class=\"gb-container gb-container-9a5aadb4\">\n\n<h2 class=\"gb-headline gb-headline-52017369 gb-headline-text\">Los 10 datos principales sobre la semilla azul<\/h2>\n\n\n<div class=\"gb-container gb-container-66619694\">\n\n<figure class=\"gb-block-image gb-block-image-e23e60a5\"><img loading=\"lazy\" decoding=\"async\" width=\"238\" height=\"2\" class=\"gb-image gb-image-e23e60a5\" src=\"https:\/\/blueseed.co\/wp-content\/uploads\/2024\/08\/border.png\" alt=\"\" title=\"borde\" srcset=\"https:\/\/blueseed.co\/wp-content\/uploads\/2024\/08\/border.png 238w, https:\/\/blueseed.co\/wp-content\/uploads\/2024\/08\/border-150x2.png 150w\" sizes=\"auto, (max-width: 238px) 100vw, 238px\"><\/figure>\n\n\n\n<figure class=\"gb-block-image gb-block-image-daf2107c\"><img loading=\"lazy\" decoding=\"async\" width=\"238\" height=\"2\" class=\"gb-image gb-image-daf2107c\" src=\"https:\/\/blueseed.co\/wp-content\/uploads\/2024\/08\/border-fliped.png\" alt=\"\" title=\"frontera volteada\" srcset=\"https:\/\/blueseed.co\/wp-content\/uploads\/2024\/08\/border-fliped.png 238w, https:\/\/blueseed.co\/wp-content\/uploads\/2024\/08\/border-fliped-150x2.png 150w\" sizes=\"auto, (max-width: 238px) 100vw, 238px\"><\/figure>\n\n<\/div>\n<\/div>\n<\/div><div id=\"rank-math-faq\" class=\"rank-math-block\">\n<div class=\"rank-math-list \">\n<div id=\"faq-question-1723036188514\" class=\"rank-math-list-item\">\n<h3 class=\"rank-math-question \">\u00bfA qui\u00e9n va dirigido? \u2013 A los mejores emprendedores y visionarios del mundo.<\/h3>\n<div class=\"rank-math-answer \">\n\n<p>Los emprendedores tecnol\u00f3gicos m\u00e1s audaces, brillantes y talentosos del mundo. Adem\u00e1s, las personas y organizaciones que los apoyan e invierten en ellos. <a href=\"https:\/\/blueseed.co\/es\/\" target=\"_blank\" data-type=\"page\" data-id=\"14\" rel=\"noreferrer noopener\">M\u00e1s de 1100 ya han expresado su inter\u00e9s<\/a> .<\/p>\n\n<\/div>\n<\/div>\n<div id=\"faq-question-1723036204062\" class=\"rank-math-list-item\">\n<h3 class=\"rank-math-question \">\u00bfD\u00f3nde estar\u00e1? \u2013 Muy cerca de Silicon Valley.<\/h3>\n<div class=\"rank-math-answer \">\n\n<p>En un barco anclado a media hora (12 millas) de Silicon Valley, en aguas internacionales fuera de la jurisdicci\u00f3n de Estados Unidos.<\/p>\n\n<\/div>\n<\/div>\n<div id=\"faq-question-1723036218731\" class=\"rank-math-list-item\">\n<h3 class=\"rank-math-question \">\u00bfCu\u00e1nto cuesta? \u2013 Alrededor de $1,600 USD por persona al mes<\/h3>\n<div class=\"rank-math-answer \">\n\n<p>Cobraremos una combinaci\u00f3n de alquiler y capital para adaptarnos a la etapa de tu startup. El precio por persona incluye espacio de vivienda y oficina, y oscila entre $1200 por una caba\u00f1a compartida y $3000 por una caba\u00f1a individual de alta categor\u00eda.<\/p>\n\n<\/div>\n<\/div>\n<div id=\"faq-question-1723036237171\" class=\"rank-math-list-item\">\n<h3 class=\"rank-math-question \">\u00bfPor qu\u00e9 deber\u00eda hacerse? \u2013 Porque la innovaci\u00f3n es genial<\/h3>\n<div class=\"rank-math-answer \">\n\n<p>Los mejores empresarios del mundo deber\u00edan poder reunirse y colaborar en un solo lugar, y no estar limitados por restricciones anticuadas de visas de trabajo.<\/p>\n\n<\/div>\n<\/div>\n<div id=\"faq-question-1723036246177\" class=\"rank-math-list-item\">\n<h3 class=\"rank-math-question \">\u00bfC\u00f3mo puedo sumarme? \u2013 Haz algo que importe y s\u00e9 incre\u00edble.<\/h3>\n<div class=\"rank-math-answer \">\n\n<p>Recomi\u00e9ndanos a trav\u00e9s de un inversor \u00e1ngel, una firma de capital de riesgo, una red de emprendedores o un contacto de confianza. O <a href=\"https:\/\/blueseed.co\/es\/\" data-type=\"page\" data-id=\"14\">sorpr\u00e9ndenos<\/a> .<\/p>\n\n<\/div>\n<\/div>\n<div id=\"faq-question-1723036262333\" class=\"rank-math-list-item\">\n<h3 class=\"rank-math-question \">\u00bfPuedo trabajar legalmente? \u2013 En Blueseed, s\u00ed.<\/h3>\n<div class=\"rank-math-answer \">\n\n<p>Puedes ganar legalmente un ingreso trabajando en tu startup mientras est\u00e1s en el barco Blueseed independientemente de tu nacionalidad, pero no puedes ganar legalmente un sueldo mientras visitas el continente, a menos que tengas una visa de trabajo de EE. UU. o seas residente permanente de EE. UU.<\/p>\n\n<\/div>\n<\/div>\n<div id=\"faq-question-1723036320758\" class=\"rank-math-list-item\">\n<h3 class=\"rank-math-question \">\u00bfPuedo viajar al continente? \u2013 S\u00ed<\/h3>\n<div class=\"rank-math-answer \">\n\n<p>Puede viajar al continente con visas de negocios\/turismo (B1\/B2) por hasta 180 d\u00edas al a\u00f1o (son mucho m\u00e1s f\u00e1ciles de obtener que las visas de trabajo). Los residentes de EE. UU. pueden viajar a Blueseed en cualquier momento.<\/p>\n\n<\/div>\n<\/div>\n<div id=\"faq-question-1723036329049\" class=\"rank-math-list-item\">\n<h3 class=\"rank-math-question \">\u00bfQu\u00e9 pasa si tengo \u00e9xito y supero la etapa de Blueseed? \u2013 Te ayudamos a mudarte al continente.<\/h3>\n<div class=\"rank-math-answer \">\n\n<p>Silicon Valley es el mejor lugar del mundo para expandir una empresa, y una vez que esta alcance el tama\u00f1o suficiente, existen v\u00edas legales para trasladarse a Silicon Valley. Le proporcionaremos los recursos y contactos necesarios para la transici\u00f3n.<\/p>\n\n<\/div>\n<\/div>\n<div id=\"faq-question-1723036345114\" class=\"rank-math-list-item\">\n<h3 class=\"rank-math-question \">\u00bfCu\u00e1ndo se lanza? \u2013 Verano de 2014<\/h3>\n<div class=\"rank-math-answer \">\n\n<p>Planeamos lanzarlo durante el segundo y tercer trimestre de 2014.<\/p>\n\n<\/div>\n<\/div>\n<div id=\"faq-question-1723036351703\" class=\"rank-math-list-item\">\n<h3 class=\"rank-math-question \">Mi organizaci\u00f3n apoya startups, \u00bfc\u00f3mo me uno al proyecto? &#8211; <a href=\"https:\/\/blueseed.co\/es\/\" data-type=\"page\" data-id=\"14\">Asociate<\/a> o <a href=\"https:\/\/blueseed.co\/es\/contactenos\/\" data-type=\"page\" data-id=\"26\">cont\u00e1ctanos<\/a><\/h3>\n<div class=\"rank-math-answer \">\n\n<p>Buscamos principalmente incubadoras, redes de apoyo e individuos u organizaciones que hagan que nuestro entorno sea m\u00e1s maravilloso mientras resuelven los problemas de una startup.<\/p>\n\n<\/div>\n<\/div>\n<\/div>\n<\/div>","protected":false},"excerpt":{"rendered":"<p>Los 10 datos principales sobre la semilla azul<\/p>\n","protected":false},"author":1,"featured_media":0,"parent":0,"menu_order":0,"comment_status":"closed","ping_status":"closed","template":"","meta":{"footnotes":""},"class_list":["post-1023","page","type-page","status-publish"],"_links":{"self":[{"href":"https:\/\/blueseed.co\/es\/wp-json\/wp\/v2\/pages\/1023","targetHints":{"allow":["GET"]}}],"collection":[{"href":"https:\/\/blueseed.co\/es\/wp-json\/wp\/v2\/pages"}],"about":[{"href":"https:\/\/blueseed.co\/es\/wp-json\/wp\/v2\/types\/page"}],"author":[{"embeddable":true,"href":"https:\/\/blueseed.co\/es\/wp-json\/wp\/v2\/users\/1"}],"replies":[{"embeddable":true,"href":"https:\/\/blueseed.co\/es\/wp-json\/wp\/v2\/comments?post=1023"}],"version-history":[{"count":3,"href":"https:\/\/blueseed.co\/es\/wp-json\/wp\/v2\/pages\/1023\/revisions"}],"predecessor-version":[{"id":1057,"href":"https:\/\/blueseed.co\/es\/wp-json\/wp\/v2\/pages\/1023\/revisions\/1057"}],"wp:attachment":[{"href":"https:\/\/blueseed.co\/es\/wp-json\/wp\/v2\/media?parent=1023"}],"curies":[{"name":"wp","href":"https:\/\/api.w.org\/{rel}","templated":true}]}}