{"id":1021,"date":"2024-08-07T07:19:25","date_gmt":"2024-08-07T07:19:25","guid":{"rendered":"https:\/\/blueseed.co\/hogar\/"},"modified":"2025-08-12T12:38:23","modified_gmt":"2025-08-12T12:38:23","slug":"home","status":"publish","type":"page","link":"https:\/\/blueseed.co\/es\/","title":{"rendered":"Hogar"},"content":{"rendered":"<div class=\"gb-container gb-container-ac797095\">\n<div class=\"gb-container gb-container-8ba991e9\"><\/div>\n<\/div><div class=\"gb-container gb-container-423957d6\">\n<div class=\"gb-container gb-container-0ca7ebc2\">\n\n<h1 class=\"gb-headline gb-headline-fbb6a7ef gb-headline-text\">Apoyando proyectos emprendedores en los nichos de casinos blockchain, juegos y sorteos<\/h1>\n\n\n<div class=\"gb-container gb-container-66619694\">\n\n<figure class=\"gb-block-image gb-block-image-e23e60a5\"><img loading=\"lazy\" decoding=\"async\" width=\"238\" height=\"2\" class=\"gb-image gb-image-e23e60a5\" src=\"https:\/\/blueseed.co\/wp-content\/uploads\/2024\/08\/border.png\" alt=\"\" title=\"borde\" srcset=\"https:\/\/blueseed.co\/wp-content\/uploads\/2024\/08\/border.png 238w, https:\/\/blueseed.co\/wp-content\/uploads\/2024\/08\/border-150x2.png 150w\" sizes=\"auto, (max-width: 238px) 100vw, 238px\"><\/figure>\n\n\n\n<figure class=\"gb-block-image gb-block-image-daf2107c\"><img loading=\"lazy\" decoding=\"async\" width=\"238\" height=\"2\" class=\"gb-image gb-image-daf2107c\" src=\"https:\/\/blueseed.co\/wp-content\/uploads\/2024\/08\/border-fliped.png\" alt=\"\" title=\"frontera volteada\" srcset=\"https:\/\/blueseed.co\/wp-content\/uploads\/2024\/08\/border-fliped.png 238w, https:\/\/blueseed.co\/wp-content\/uploads\/2024\/08\/border-fliped-150x2.png 150w\" sizes=\"auto, (max-width: 238px) 100vw, 238px\"><\/figure>\n\n<\/div>\n\n\n<p>Blueseed est\u00e1 construyendo un centro para emprendedores que trabajan en sectores innovadores y de r\u00e1pida evoluci\u00f3n: criptomonedas, juegos de azar, casinos de sorteos, comercio electr\u00f3nico, finanzas, pagos y m\u00e1s. Nos centramos en crear espacio, infraestructura y una comunidad para los fundadores que est\u00e1n dando forma al futuro.<\/p>\n\n\n\n<p>Ofrecemos entornos de coworking, asesoramiento y acceso a socios experimentados que comprenden los desaf\u00edos espec\u00edficos de lanzarse en mercados no convencionales o en evoluci\u00f3n. Desde el desarrollo inicial del producto hasta la estrategia de salida al mercado, la gesti\u00f3n regulatoria y la captaci\u00f3n de capital riesgo, ayudamos a los emprendedores a construir con claridad y a conectar con personas que ya lo han hecho.<\/p>\n\n\n\n<p>Ya sea que est\u00e9 perfeccionando un modelo de sorteo, escalando un producto fintech o lanzando algo completamente nuevo, Blueseed est\u00e1 dise\u00f1ado para brindarle los recursos y el apoyo para avanzar r\u00e1pidamente y desarrollar con confianza.<\/p>\n\n<\/div>\n<\/div><div class=\"gb-container gb-container-fcdd6d89\">\n<div class=\"gb-container gb-container-3fd59b45\" id=\"Who\u2019s-coming-to-Blueseed?\">\n\n<h2 class=\"gb-headline gb-headline-b71c6c59 gb-headline-text\">\u00bfQui\u00e9n viene a Blueseed?<\/h2>\n\n\n<div class=\"gb-container gb-container-e10f839b\">\n\n<figure class=\"gb-block-image gb-block-image-ff9de695\"><img loading=\"lazy\" decoding=\"async\" width=\"238\" height=\"2\" class=\"gb-image gb-image-ff9de695\" src=\"https:\/\/blueseed.co\/wp-content\/uploads\/2024\/08\/border.png\" alt=\"\" title=\"borde\" srcset=\"https:\/\/blueseed.co\/wp-content\/uploads\/2024\/08\/border.png 238w, https:\/\/blueseed.co\/wp-content\/uploads\/2024\/08\/border-150x2.png 150w\" sizes=\"auto, (max-width: 238px) 100vw, 238px\"><\/figure>\n\n\n\n<figure class=\"gb-block-image gb-block-image-df191215\"><img loading=\"lazy\" decoding=\"async\" width=\"238\" height=\"2\" class=\"gb-image gb-image-df191215\" src=\"https:\/\/blueseed.co\/wp-content\/uploads\/2024\/08\/border-fliped.png\" alt=\"\" title=\"frontera volteada\" srcset=\"https:\/\/blueseed.co\/wp-content\/uploads\/2024\/08\/border-fliped.png 238w, https:\/\/blueseed.co\/wp-content\/uploads\/2024\/08\/border-fliped-150x2.png 150w\" sizes=\"auto, (max-width: 238px) 100vw, 238px\"><\/figure>\n\n<\/div>\n\n\n<figure class=\"gb-block-image gb-block-image-684c1c5e\"><img loading=\"lazy\" decoding=\"async\" width=\"1023\" height=\"768\" class=\"gb-image gb-image-684c1c5e\" src=\"https:\/\/blueseed.co\/wp-content\/uploads\/2024\/08\/industries_of_startups_signed_up.png\" alt=\"\" title=\"industrias_de_startups_inscritas\" srcset=\"https:\/\/blueseed.co\/wp-content\/uploads\/2024\/08\/industries_of_startups_signed_up.png 1023w, https:\/\/blueseed.co\/wp-content\/uploads\/2024\/08\/industries_of_startups_signed_up-300x225.png 300w, https:\/\/blueseed.co\/wp-content\/uploads\/2024\/08\/industries_of_startups_signed_up-768x577.png 768w\" sizes=\"auto, (max-width: 1023px) 100vw, 1023px\"><\/figure>\n\n<\/div>\n<\/div><div class=\"gb-container gb-container-3250d230\">\n<div class=\"gb-container gb-container-0b387f8f\">\n\n<h3 class=\"gb-headline gb-headline-9448d492 gb-headline-text\">Dando la bienvenida a 1278 emprendedores de 401 startups en 66 pa\u00edses<\/h3>\n\n\n<div class=\"gb-container gb-container-875a9675\">\n\n<figure class=\"gb-block-image gb-block-image-d8fee57b\"><img loading=\"lazy\" decoding=\"async\" width=\"238\" height=\"2\" class=\"gb-image gb-image-d8fee57b\" src=\"https:\/\/blueseed.co\/wp-content\/uploads\/2024\/08\/border.png\" alt=\"\" title=\"borde\" srcset=\"https:\/\/blueseed.co\/wp-content\/uploads\/2024\/08\/border.png 238w, https:\/\/blueseed.co\/wp-content\/uploads\/2024\/08\/border-150x2.png 150w\" sizes=\"auto, (max-width: 238px) 100vw, 238px\"><\/figure>\n\n\n\n<figure class=\"gb-block-image gb-block-image-edf13ede\"><img loading=\"lazy\" decoding=\"async\" width=\"238\" height=\"2\" class=\"gb-image gb-image-edf13ede\" src=\"https:\/\/blueseed.co\/wp-content\/uploads\/2024\/08\/border-fliped.png\" alt=\"\" title=\"frontera volteada\" srcset=\"https:\/\/blueseed.co\/wp-content\/uploads\/2024\/08\/border-fliped.png 238w, https:\/\/blueseed.co\/wp-content\/uploads\/2024\/08\/border-fliped-150x2.png 150w\" sizes=\"auto, (max-width: 238px) 100vw, 238px\"><\/figure>\n\n<\/div>\n\n\n<p>Startups interesadas en ubicarse en Blueseed &#8211; pa\u00eds de origen<\/p>\n\n\n<div class=\"gb-container gb-container-2756e614\">\n\n<figure class=\"wp-block-table is-style-stripes\"><table><thead><tr><th>Pa\u00eds<\/th><th>Contar<\/th><th>Porcentaje %<\/th><\/tr><\/thead><tbody><tr><td>Estados Unidos de Am\u00e9rica<\/td><td>91<\/td><td>22.7%<\/td><\/tr><tr><td>India<\/td><td>42<\/td><td>10.5%<\/td><\/tr><tr><td>Reino Unido de Gran Breta\u00f1a<\/td><td>23<\/td><td>5.7%<\/td><\/tr><tr><td>Canad\u00e1<\/td><td>18<\/td><td>4.5%<\/td><\/tr><tr><td>Espa\u00f1a<\/td><td>14<\/td><td>3.5%<\/td><\/tr><tr><td>Australia<\/td><td>14<\/td><td>3.5%<\/td><\/tr><tr><td>Brasil<\/td><td>11<\/td><td>2.7%<\/td><\/tr><tr><td>Francia<\/td><td>11<\/td><td>2.7%<\/td><\/tr><tr><td>Alemania<\/td><td>9<\/td><td>2.2%<\/td><\/tr><tr><td>Porcelana<\/td><td>9<\/td><td>2.2%<\/td><\/tr><tr><td>Argentina<\/td><td>7<\/td><td>1.8%<\/td><\/tr><tr><td>Italia<\/td><td>7<\/td><td>1.8%<\/td><\/tr><tr><td>Singapur<\/td><td>6<\/td><td>1.5%<\/td><\/tr><tr><td>B\u00e9lgica<\/td><td>6<\/td><td>1.5%<\/td><\/tr><tr><td>Suiza<\/td><td>6<\/td><td>1.5%<\/td><\/tr><tr><td>Ucrania<\/td><td>6<\/td><td>1.5%<\/td><\/tr><tr><td>M\u00e9xico<\/td><td>5<\/td><td>1.3%<\/td><\/tr><tr><td>Malasia<\/td><td>5<\/td><td>1.3%<\/td><\/tr><tr><td>Dinamarca<\/td><td>5<\/td><td>1.3%<\/td><\/tr><tr><td>Chile<\/td><td>5<\/td><td>1.3%<\/td><\/tr><tr><td>Pa\u00edses Bajos<\/td><td>5<\/td><td>1.3%<\/td><\/tr><tr><td>Polonia<\/td><td>5<\/td><td>1.3%<\/td><\/tr><tr><td>Pakist\u00e1n<\/td><td>5<\/td><td>1.3%<\/td><\/tr><tr><td>Jord\u00e1n<\/td><td>3<\/td><td>0.8%<\/td><\/tr><tr><td>Pavo<\/td><td>3<\/td><td>0.8%<\/td><\/tr><tr><td>Lituania<\/td><td>3<\/td><td>0.8%<\/td><\/tr><tr><td>Vietnam<\/td><td>3<\/td><td>0.8%<\/td><\/tr><tr><td>Corea del Sur<\/td><td>3<\/td><td>0.8%<\/td><\/tr><tr><td>Suecia<\/td><td>3<\/td><td>0.8%<\/td><\/tr><tr><td>L\u00edbano<\/td><td>3<\/td><td>0.8%<\/td><\/tr><tr><td>Israel<\/td><td>3<\/td><td>0.8%<\/td><\/tr><tr><td>Irlanda<\/td><td>3<\/td><td>0.8%<\/td><\/tr><tr><td>Rumania<\/td><td>2<\/td><td>0.5%<\/td><\/tr><tr><td>Bielorrusia<\/td><td>2<\/td><td>0.5%<\/td><\/tr><tr><td>Taiw\u00e1n<\/td><td>2<\/td><td>0.5%<\/td><\/tr><tr><td>Jap\u00f3n<\/td><td>2<\/td><td>0.5%<\/td><\/tr><tr><td>Sud\u00e1frica<\/td><td>2<\/td><td>0.5%<\/td><\/tr><tr><td>Rep\u00fablica Checa<\/td><td>2<\/td><td>0.5%<\/td><\/tr><tr><td>Rep\u00fablica Dominicana<\/td><td>2<\/td><td>0.5%<\/td><\/tr><tr><td>Finlandia<\/td><td>2<\/td><td>0.5%<\/td><\/tr><tr><td>Eslovenia<\/td><td>2<\/td><td>0.5%<\/td><\/tr><tr><td>Panam\u00e1<\/td><td>2<\/td><td>0.5%<\/td><\/tr><tr><td>Hungr\u00eda<\/td><td>2<\/td><td>0.5%<\/td><\/tr><tr><td>Grecia<\/td><td>2<\/td><td>0.5%<\/td><\/tr><tr><td>Nueva Zelanda<\/td><td>2<\/td><td>0.5%<\/td><\/tr><tr><td>Venezuela<\/td><td>2<\/td><td>0.5%<\/td><\/tr><tr><td>Nigeria<\/td><td>2<\/td><td>0.5%<\/td><\/tr><tr><td>Ir\u00e1n<\/td><td>2<\/td><td>0.5%<\/td><\/tr><tr><td>Uganda<\/td><td>1<\/td><td>0.3%<\/td><\/tr><tr><td>Costa Rica<\/td><td>1<\/td><td>0.3%<\/td><\/tr><tr><td>Austria<\/td><td>1<\/td><td>0.3%<\/td><\/tr><tr><td>Colombia<\/td><td>1<\/td><td>0.3%<\/td><\/tr><tr><td>Bulgaria<\/td><td>1<\/td><td>0.3%<\/td><\/tr><tr><td>Emiratos \u00c1rabes Unidos<\/td><td>1<\/td><td>0.3%<\/td><\/tr><tr><td>Uruguay<\/td><td>1<\/td><td>0.3%<\/td><\/tr><tr><td>Ecuador<\/td><td>1<\/td><td>0.3%<\/td><\/tr><tr><td>Filipinas<\/td><td>1<\/td><td>0.3%<\/td><\/tr><tr><td>Noruega<\/td><td>1<\/td><td>0.3%<\/td><\/tr><tr><td>Indonesia<\/td><td>1<\/td><td>0.3%<\/td><\/tr><tr><td>macedonia<\/td><td>1<\/td><td>0.3%<\/td><\/tr><tr><td>Estonia<\/td><td>1<\/td><td>0.3%<\/td><\/tr><tr><td>El Salvador<\/td><td>1<\/td><td>0.3%<\/td><\/tr><tr><td>Cuba<\/td><td>1<\/td><td>0.3%<\/td><\/tr><tr><td>Sri Lanka<\/td><td>1<\/td><td>0.3%<\/td><\/tr><tr><td>Eslovaquia<\/td><td>1<\/td><td>0.3%<\/td><\/tr><tr><td>Croacia<\/td><td>1<\/td><td>0.3%<\/td><\/tr><\/tbody><\/table><\/figure>\n\n<\/div>\n<\/div>\n<\/div><div class=\"gb-container gb-container-34571095\">\n<div class=\"gb-container gb-container-87a2439a\">\n\n<h3 class=\"gb-headline gb-headline-a15b6bcd gb-headline-text\">Motivaciones para venir a Blueseed<\/h3>\n\n\n<div class=\"gb-container gb-container-6ac3caaa\">\n\n<figure class=\"gb-block-image gb-block-image-f464e938\"><img loading=\"lazy\" decoding=\"async\" width=\"238\" height=\"2\" class=\"gb-image gb-image-f464e938\" src=\"https:\/\/blueseed.co\/wp-content\/uploads\/2024\/08\/border.png\" alt=\"\" title=\"borde\" srcset=\"https:\/\/blueseed.co\/wp-content\/uploads\/2024\/08\/border.png 238w, https:\/\/blueseed.co\/wp-content\/uploads\/2024\/08\/border-150x2.png 150w\" sizes=\"auto, (max-width: 238px) 100vw, 238px\"><\/figure>\n\n\n\n<figure class=\"gb-block-image gb-block-image-24a4c134\"><img loading=\"lazy\" decoding=\"async\" width=\"238\" height=\"2\" class=\"gb-image gb-image-24a4c134\" src=\"https:\/\/blueseed.co\/wp-content\/uploads\/2024\/08\/border-fliped.png\" alt=\"\" title=\"frontera volteada\" srcset=\"https:\/\/blueseed.co\/wp-content\/uploads\/2024\/08\/border-fliped.png 238w, https:\/\/blueseed.co\/wp-content\/uploads\/2024\/08\/border-fliped-150x2.png 150w\" sizes=\"auto, (max-width: 238px) 100vw, 238px\"><\/figure>\n\n<\/div>\n\n\n<figure class=\"wp-block-table is-style-stripes\"><table class=\"has-contrast-color has-text-color has-link-color\"><thead><tr><th class=\"has-text-align-center\" data-align=\"center\"><\/th><th class=\"has-text-align-center\" data-align=\"center\">No es importante<\/th><th class=\"has-text-align-center\" data-align=\"center\">Algo importante<\/th><th class=\"has-text-align-center\" data-align=\"center\">Importante<\/th><th class=\"has-text-align-center\" data-align=\"center\">Muy importante<\/th><th class=\"has-text-align-center\" data-align=\"center\">Cr\u00edtico<\/th><\/tr><\/thead><tbody><tr><td class=\"has-text-align-center\" data-align=\"center\">Una alternativa a tener que obtener visas de trabajo en Estados Unidos para m\u00ed o para otros fundadores de empresas<\/td><td class=\"has-text-align-center\" data-align=\"center\"><strong>25,3%<\/strong><\/td><td class=\"has-text-align-center\" data-align=\"center\"><strong>15,5%<\/strong><\/td><td class=\"has-text-align-center\" data-align=\"center\"><strong>16,3%<\/strong><\/td><td class=\"has-text-align-center\" data-align=\"center\"><strong>19.0%<\/strong><\/td><td class=\"has-text-align-center\" data-align=\"center\"><strong>23,8%<\/strong><\/td><\/tr><tr><td class=\"has-text-align-center\" data-align=\"center\">Una alternativa a tener que obtener visas de trabajo estadounidenses para mis empleados<\/td><td class=\"has-text-align-center\" data-align=\"center\"><strong>27,3%<\/strong><\/td><td class=\"has-text-align-center\" data-align=\"center\"><strong>20,3%<\/strong><\/td><td class=\"has-text-align-center\" data-align=\"center\"><strong>21,3%<\/strong><\/td><td class=\"has-text-align-center\" data-align=\"center\"><strong>19.0%<\/strong><\/td><td class=\"has-text-align-center\" data-align=\"center\"><strong>12.0%<\/strong><\/td><\/tr><tr><td class=\"has-text-align-center\" data-align=\"center\">Entorno legal y regulatorio optimizado, dise\u00f1ado con bajos costos operativos en mente<\/td><td class=\"has-text-align-center\" data-align=\"center\"><strong>7,3%<\/strong><\/td><td class=\"has-text-align-center\" data-align=\"center\"><strong>11,8%<\/strong><\/td><td class=\"has-text-align-center\" data-align=\"center\"><strong>27,3%<\/strong><\/td><td class=\"has-text-align-center\" data-align=\"center\"><strong>29,1%<\/strong><\/td><td class=\"has-text-align-center\" data-align=\"center\"><strong>24,6%<\/strong><\/td><\/tr><tr><td class=\"has-text-align-center\" data-align=\"center\">Facilidad para encontrar talento<\/td><td class=\"has-text-align-center\" data-align=\"center\"><strong>6,8%<\/strong><\/td><td class=\"has-text-align-center\" data-align=\"center\"><strong>14,3%<\/strong><\/td><td class=\"has-text-align-center\" data-align=\"center\"><strong>21,1%<\/strong><\/td><td class=\"has-text-align-center\" data-align=\"center\"><strong>31,1%<\/strong><\/td><td class=\"has-text-align-center\" data-align=\"center\"><strong>26,8%<\/strong><\/td><\/tr><tr><td class=\"has-text-align-center\" data-align=\"center\">Cercan\u00eda a los inversores de Silicon Valley<\/td><td class=\"has-text-align-center\" data-align=\"center\"><strong>3,3%<\/strong><\/td><td class=\"has-text-align-center\" data-align=\"center\"><strong>9,8%<\/strong><\/td><td class=\"has-text-align-center\" data-align=\"center\"><strong>20,1%<\/strong><\/td><td class=\"has-text-align-center\" data-align=\"center\"><strong>30,8%<\/strong><\/td><td class=\"has-text-align-center\" data-align=\"center\"><strong>36,1%<\/strong><\/td><\/tr><tr><td class=\"has-text-align-center\" data-align=\"center\">Vivir y trabajar en un espacio incre\u00edble orientado a las empresas emergentes y la tecnolog\u00eda.<\/td><td class=\"has-text-align-center\" data-align=\"center\"><strong>0,5%<\/strong><\/td><td class=\"has-text-align-center\" data-align=\"center\"><strong>2,8%<\/strong><\/td><td class=\"has-text-align-center\" data-align=\"center\"><strong>10,5%<\/strong><\/td><td class=\"has-text-align-center\" data-align=\"center\"><strong>29,8%<\/strong><\/td><td class=\"has-text-align-center\" data-align=\"center\"><strong>56,4%<\/strong><\/td><\/tr><tr><td class=\"has-text-align-center\" data-align=\"center\">Factor de frescura \/ fama \/ conseguir prensa<\/td><td class=\"has-text-align-center\" data-align=\"center\"><strong>14.0%<\/strong><\/td><td class=\"has-text-align-center\" data-align=\"center\"><strong>15,3%<\/strong><\/td><td class=\"has-text-align-center\" data-align=\"center\"><strong>24,3%<\/strong><\/td><td class=\"has-text-align-center\" data-align=\"center\"><strong>22,1%<\/strong><\/td><td class=\"has-text-align-center\" data-align=\"center\"><strong>24,3%<\/strong><\/td><\/tr><\/tbody><\/table><\/figure>\n\n\n\n<p class=\"gb-headline gb-headline-02ce7aca gb-headline-text\"><strong>\u00bfQuieres saber m\u00e1s? Consulta nuestra <a href=\"https:\/\/blueseed.co\/es\/faq\/\" data-type=\"page\" data-id=\"21\">secci\u00f3n de preguntas frecuentes<\/a> .<\/strong><\/p>\n\n<\/div>\n<\/div>","protected":false},"excerpt":{"rendered":"<p>Apoyando proyectos emprendedores en los nichos de casinos blockchain, juegos y sorteos Blueseed est\u00e1 construyendo un centro para emprendedores que trabajan en sectores innovadores y de r\u00e1pida evoluci\u00f3n: criptomonedas, juegos de azar, casinos de sorteos, comercio electr\u00f3nico, finanzas, pagos y m\u00e1s. Nos centramos en crear espacio, infraestructura y una comunidad para los fundadores que est\u00e1n &#8230; <a title=\"Hogar\" class=\"read-more\" href=\"https:\/\/blueseed.co\/es\/\" aria-label=\"Leer m\u00e1s sobre Hogar\">Leer m\u00e1s<\/a><\/p>\n","protected":false},"author":1,"featured_media":0,"parent":0,"menu_order":0,"comment_status":"closed","ping_status":"closed","template":"","meta":{"footnotes":""},"class_list":["post-1021","page","type-page","status-publish"],"_links":{"self":[{"href":"https:\/\/blueseed.co\/es\/wp-json\/wp\/v2\/pages\/1021","targetHints":{"allow":["GET"]}}],"collection":[{"href":"https:\/\/blueseed.co\/es\/wp-json\/wp\/v2\/pages"}],"about":[{"href":"https:\/\/blueseed.co\/es\/wp-json\/wp\/v2\/types\/page"}],"author":[{"embeddable":true,"href":"https:\/\/blueseed.co\/es\/wp-json\/wp\/v2\/users\/1"}],"replies":[{"embeddable":true,"href":"https:\/\/blueseed.co\/es\/wp-json\/wp\/v2\/comments?post=1021"}],"version-history":[{"count":4,"href":"https:\/\/blueseed.co\/es\/wp-json\/wp\/v2\/pages\/1021\/revisions"}],"predecessor-version":[{"id":1137,"href":"https:\/\/blueseed.co\/es\/wp-json\/wp\/v2\/pages\/1021\/revisions\/1137"}],"wp:attachment":[{"href":"https:\/\/blueseed.co\/es\/wp-json\/wp\/v2\/media?parent=1021"}],"curies":[{"name":"wp","href":"https:\/\/api.w.org\/{rel}","templated":true}]}}